{"id":16,"date":"2021-12-09T11:23:07","date_gmt":"2021-12-09T16:23:07","guid":{"rendered":"http:\/\/fastwpdemo.com\/demo\/charityhome\/?page_id=16"},"modified":"2022-06-02T21:52:32","modified_gmt":"2022-06-03T01:52:32","slug":"about","status":"publish","type":"page","link":"https:\/\/dev.aajeu.com\/index.php\/about\/","title":{"rendered":"\u00c0 propos de nous"},"content":{"rendered":"\t\t<div data-elementor-type=\"wp-page\" data-elementor-id=\"16\" class=\"elementor elementor-16\">\n\t\t\t\t\t\t\t\t\t<section class=\"elementor-section elementor-top-section elementor-element elementor-element-97d6dc6 elementor-section-full_width elementor-section-height-default elementor-section-height-default\" data-id=\"97d6dc6\" data-element_type=\"section\">\n\t\t\t\t\t\t<div class=\"elementor-container elementor-column-gap-default\">\n\t\t\t\t\t<div class=\"elementor-column elementor-col-100 elementor-top-column elementor-element elementor-element-f249894\" data-id=\"f249894\" data-element_type=\"column\">\n\t\t\t<div class=\"elementor-widget-wrap\">\n\t\t\t\t\t\t\t\t\t<\/div>\n\t\t<\/div>\n\t\t\t\t\t\t\t<\/div>\n\t\t<\/section>\n\t\t\t\t<section class=\"elementor-section elementor-top-section elementor-element elementor-element-5d5ff84 elementor-section-full_width elementor-section-height-default elementor-section-height-default\" data-id=\"5d5ff84\" data-element_type=\"section\">\n\t\t\t\t\t\t<div class=\"elementor-container elementor-column-gap-default\">\n\t\t\t\t\t<div class=\"elementor-column elementor-col-100 elementor-top-column elementor-element elementor-element-08aa213\" data-id=\"08aa213\" data-element_type=\"column\">\n\t\t\t<div class=\"elementor-widget-wrap elementor-element-populated\">\n\t\t\t\t\t\t\t\t<div class=\"elementor-element elementor-element-47bd464 elementor-widget elementor-widget-charityhome_about_us_v2\" data-id=\"47bd464\" data-element_type=\"widget\" data-widget_type=\"charityhome_about_us_v2.default\">\n\t\t\t\t<div class=\"elementor-widget-container\">\n\t\t\t\t\n\t<section class=\"sec-padding about-content full-sec\">\n\t\t<div class=\"container\">\n\t\t\t<div class=\"row\">\n\t\t\t\t\n\t\t\t\t<div class=\"col-lg-5 col-md-12\">\n\t\t\t\t\t<div class=\"full-sec-content\">\n\t\t\t\t\t\t                        <div class=\"sec-title style-two\">\n\t\t\t\t\t\t\t<h2>En savoir plus sur nous<\/h2>\n\t\t\t\t\t\t\t<span class=\"decor\">\n\t\t\t\t\t\t\t\t<span class=\"inner\"><\/span>\n\t\t\t\t\t\t\t<\/span>\n\t\t\t\t\t\t<\/div>\n                                                \n\t\t\t\t\t\t<h3>Nous fournissons des services<br> de soutien au d\u00e9veloppement des jeunes de Montr\u00e9al<\/h3><br>\t\t\t\t\t\t<p>VISION  : \n\n\nAlter-Action  Jeunesse s\u2019engage \u00e0 promouvoir la r\u00e9duction de la fracture sociale li\u00e9e \u00e0 l\u2019\u00e2ge ainsi que l\u2019inclusion sociale des jeunes issus des populations racis\u00e9es de Montr\u00e9al.\n<\/p><br>\t\t\t\t\t\t<p>VALEURS :\n\nAutonomie \u2013 \u00c9quit\u00e9 \u2013 Engagement \u2013 Bienveillance \u2013 Sens d\u2019initiative \u2013 Int\u00e9grit\u00e9<\/p><br>\t\t\t\t\t\t\t\n\t\t\t\t\t<\/div>\n\t\t\t\t<\/div>\n                \t\t\t\t<div class=\"col-md-7 hidden-md text-right\">\n\t\t\t\t\t<img decoding=\"async\" src=\"https:\/\/dev.aajeu.com\/wp-content\/uploads\/2022\/04\/surface-3EnlBPEgIxM-unsplash.jpg\" alt=\"Awesome Image\"\/>\n\t\t\t\t<\/div>\n                \t\t\t<\/div>\n\t\t<\/div>\n\t<\/section>\n\t\t\n    \t\t<\/div>\n\t\t\t\t<\/div>\n\t\t\t\t\t<\/div>\n\t\t<\/div>\n\t\t\t\t\t\t\t<\/div>\n\t\t<\/section>\n\t\t\t\t<section class=\"elementor-section elementor-top-section elementor-element elementor-element-1658b63 elementor-section-full_width elementor-section-height-default elementor-section-height-default\" data-id=\"1658b63\" data-element_type=\"section\">\n\t\t\t\t\t\t<div class=\"elementor-container elementor-column-gap-default\">\n\t\t\t\t\t<div class=\"elementor-column elementor-col-100 elementor-top-column elementor-element elementor-element-dacc07a\" data-id=\"dacc07a\" data-element_type=\"column\">\n\t\t\t<div class=\"elementor-widget-wrap\">\n\t\t\t\t\t\t\t\t\t<\/div>\n\t\t<\/div>\n\t\t\t\t\t\t\t<\/div>\n\t\t<\/section>\n\t\t\t\t<section class=\"elementor-section elementor-top-section elementor-element elementor-element-87134b8 elementor-section-full_width elementor-section-height-default elementor-section-height-default\" data-id=\"87134b8\" data-element_type=\"section\">\n\t\t\t\t\t\t<div class=\"elementor-container elementor-column-gap-default\">\n\t\t\t\t\t<div class=\"elementor-column elementor-col-100 elementor-top-column elementor-element elementor-element-6e1fd1b\" data-id=\"6e1fd1b\" data-element_type=\"column\">\n\t\t\t<div class=\"elementor-widget-wrap elementor-element-populated\">\n\t\t\t\t\t\t\t\t<div class=\"elementor-element elementor-element-60ee8e3 elementor-widget elementor-widget-charityhome_our_features_v1\" data-id=\"60ee8e3\" data-element_type=\"widget\" data-widget_type=\"charityhome_our_features_v1.default\">\n\t\t\t\t<div class=\"elementor-widget-container\">\n\t\t\t\t\n\t<section class=\"call-to-action\">\n\t\t<div class=\"container\">\n\t\t\t<div class=\"row no-gutters\">\n\t\t\t\t\t\t\t\t<div class=\"call-to-action-corner col-lg-4\" style=\"background-image: url(https:\/\/dev.aajeu.com\/wp-content\/uploads\/2021\/12\/left-box-bg.jpg);\">\n\t\t\t\t\t<div class=\"single-call-to-action\">\n\t\t\t\t\t\t                        <div class=\"icon-box\">\n\t\t\t\t\t\t\t<div class=\"inner-box\">\n\t\t\t\t\t\t\t\t<i class=\"icon flaticon-circle\"><\/i>\n\t\t\t\t\t\t\t<\/div>\t\t\t\t\t\t\n\t\t\t\t\t\t<\/div>\n                                                \n                        \t\t\t\t\t\t<div class=\"content-box\">\n\t\t\t\t\t\t\t<h3>Donation<\/h3>\t\t\t\t\t\t\t\t\t\t\t\t\t\t<a href=\"#\" class=\"thm-btn inverse\">Donate Now<\/a>\t\t\t\t\t\t<\/div>\n                        \t\t\t\t\t<\/div>\n\t\t\t\t<\/div>\n\t\t\t\t\t\t\t\t<div class=\"call-to-action-center col-lg-4\" style=\"background-image: url(https:\/\/dev.aajeu.com\/wp-content\/uploads\/2021\/12\/center-box-bg.jpg);\">\n\t\t\t\t\t<div class=\"single-call-to-action\">\n\t\t\t\t\t\t                        <div class=\"icon-box\">\n\t\t\t\t\t\t\t<div class=\"inner-box\">\n\t\t\t\t\t\t\t\t<i class=\"icon flaticon-social-media\"><\/i>\n\t\t\t\t\t\t\t<\/div>\t\t\t\t\t\t\n\t\t\t\t\t\t<\/div>\n                                                \n                        \t\t\t\t\t\t<div class=\"content-box\">\n\t\t\t\t\t\t\t<h3>B\u00e9n\u00e9vole<\/h3>\t\t\t\t\t\t\t\t\t\t\t\t\t\t<a href=\"#\" class=\"thm-btn inverse\">Adh\u00e9rer maintenant<\/a>\t\t\t\t\t\t<\/div>\n                        \t\t\t\t\t<\/div>\n\t\t\t\t<\/div>\n\t\t\t\t\t\t\t\t<div class=\"call-to-action-corner col-lg-4\" style=\"background-image: url(https:\/\/dev.aajeu.com\/wp-content\/uploads\/2021\/12\/right-box-bg.jpg);\">\n\t\t\t\t\t<div class=\"single-call-to-action\">\n\t\t\t\t\t\t                        <div class=\"icon-box\">\n\t\t\t\t\t\t\t<div class=\"inner-box\">\n\t\t\t\t\t\t\t\t<i class=\"icon flaticon-medication\"><\/i>\n\t\t\t\t\t\t\t<\/div>\t\t\t\t\t\t\n\t\t\t\t\t\t<\/div>\n                                                \n                        \t\t\t\t\t\t<div class=\"content-box\">\n\t\t\t\t\t\t\t<h3>Lev\u00e9e de donds<\/h3>\t\t\t\t\t\t\t\t\t\t\t\t\t\t<a href=\"#\" class=\"thm-btn inverse\">Plus<\/a>\t\t\t\t\t\t<\/div>\n                        \t\t\t\t\t<\/div>\n\t\t\t\t<\/div>\n\t\t\t\t\t\n\t\t\t<\/div>\n\t\t<\/div>\n\t<\/section>\n\t\n    \t\t<\/div>\n\t\t\t\t<\/div>\n\t\t\t\t<div class=\"elementor-element elementor-element-48429b4 elementor-widget elementor-widget-charityhome_choose_us_v2\" data-id=\"48429b4\" data-element_type=\"widget\" data-widget_type=\"charityhome_choose_us_v2.default\">\n\t\t\t\t<div class=\"elementor-widget-container\">\n\t\t\t\t\n\t<section class=\"sec-padding faq-home\">\n\t\t<div class=\"container\">\n\t\t\t<hr>\n\t\t\t<div class=\"row\">\n\t\t\t\t<div class=\"col-lg-6 col-md-12\">\n\t\t\t\t\t                    <div class=\"sec-title style-two\">\n\t\t\t\t\t\t<h2>Pourquoi nous choisir?<\/h2>\n\t\t\t\t\t\t<span class=\"decor\">\n\t\t\t\t\t\t\t<span class=\"inner\"><\/span>\n\t\t\t\t\t\t<\/span>\n\t\t\t\t\t<\/div>\n                    \t\t\t\t\t<div class=\"accrodion-grp\" data-grp-name=\"faq-accrodion\">\n\t\t\t\t\t\t\t\t\t\t\t\t<div class=\"accrodion active\">\n\t\t\t\t\t\t\t<div class=\"accrodion-title\">\n\t\t\t\t\t\t\t\t<h4>\n\t\t\t\t\t\t\t\t\t<span class=\"decor\">\n\t\t\t\t\t\t\t\t\t\t<span class=\"inner\"><\/span>\n\t\t\t\t\t\t\t\t\t<\/span>\n\t\t\t\t\t\t\t\t\t<span class=\"text\">Programmes caritatifs pour jeunes<\/span>\n\t\t\t\t\t\t\t\t<\/h4>\n\t\t\t\t\t\t\t<\/div>\n\t\t\t\t\t\t\t<div class=\"accrodion-content\">\n\t\t\t\t\t\t\t\t<ul>\n<li>Pr\u00e9vention comportements d\u00e9viants<\/li> \n\n<li>Promotion leadership jeunes <\/li>\n<li>Promotion des loisirs chez les jeunes<\/li>\n<li>Promotion de l\u2019engagement citoyen des jeunes<\/li>\n<li>Promotion de l\u2019insertion sociale et professionnelle des jeunes <\/li>\n<li>Promotion de l\u2019entreprenariat jeunesse <\/li>\n<\/ul>\n\t\t\t\t\t\t\t<\/div>\n\t\t\t\t\t\t<\/div>\n\t\t\t\t\t\t\t\t\t\t\t<\/div>\n\t\t\t\t<\/div>\n\t\t\t\t<div class=\"col-md-6 hidden-md\">\n\t\t\t\t\t<div class=\"row isotope-block\">\n                    \t\t\t\t\t\t\t<div class=\"img-w1 col-md-6\">\n\t\t\t\t\t\t\t<img loading=\"lazy\" decoding=\"async\" src=\"https:\/\/dev.aajeu.com\/wp-content\/uploads\/2022\/04\/surface-3EnlBPEgIxM-unsplash.jpg\" height=\"450\" width=\"280\" alt=\"Awesome Image\">\n\t\t\t\t\t\t<\/div>\n                    \t    \n                    \t    \n\t\t\t\t\t\t<div class=\"img-w1 col-md-6 img-h1\">\n\t\t\t\t\t\t\t<img loading=\"lazy\" decoding=\"async\" src=\"https:\/\/dev.aajeu.com\/wp-content\/uploads\/2021\/12\/4-1.jpg\" height=\"220\" width=\"280\" alt=\"Awesome Image\">\n\t\t\t\t\t\t<\/div>\n                    \t    \n                    \t    \n\t\t\t\t\t\t<div class=\"img-w1 col-md-6 img-h1\">\n\t\t\t\t\t\t\t<img loading=\"lazy\" decoding=\"async\" src=\"https:\/\/dev.aajeu.com\/wp-content\/uploads\/2021\/12\/7.jpg\" height=\"220\" width=\"280\" alt=\"Awesome Image\">\n\t\t\t\t\t\t<\/div>\n                    \t    \n\t\t\t\t\t<\/div>\n\t\t\t\t<\/div>\n\t\t\t<\/div>\n\t\t<\/div>\n\t<\/section>\n\n    \t\t<\/div>\n\t\t\t\t<\/div>\n\t\t\t\t<div class=\"elementor-element elementor-element-d882423 elementor-widget elementor-widget-charityhome_services_v1\" data-id=\"d882423\" data-element_type=\"widget\" data-widget_type=\"charityhome_services_v1.default\">\n\t\t\t\t<div class=\"elementor-widget-container\">\n\t\t\t\t\n\t<section class=\"home-serivce sec-padding\">\n\t\t<div class=\"container\">\n        \t\t\t\t<div class=\"sec-title text-center\">\n\t\t\t\t <h2>Notre mission<\/h2>\t\t\t\t <p>Alter-Action Jeunesse se donne pour mission de travailler au bien-\u00eatre des jeunes, \u00e0 la capacitation des jeunes dans leurs vuln\u00e9rabilit\u00e9s, \u00e0 l\u2019engagement des jeunes dans leur communaut\u00e9 et \u00e0 la veille de la soci\u00e9t\u00e9 autour des probl\u00e9matiques de jeunesse.\n<\/p>\t\t\t\t<span class=\"decor\"><span class=\"inner\"><\/span><\/span>\n\t\t\t<\/div>\n                        \n\t\t\t<div class=\"row\">\n\t\t\t\t\t\t\t<div class=\"col-lg-4 col-sm-6\">\n\t\t\t\t\t<div class=\"single-service-home\">\n\t\t\t\t\t\t<div class=\"icon-box\">\n\t\t\t\t\t\t\t<div class=\"inner-box\">\n                            \t<i class=\" flaticon-reading\"><\/i>\n\t\t\t\t\t\t\t<\/div>\n\t\t\t\t\t\t<\/div>\n\t\t\t\t\t\t<div class=\"content\">\n\t\t\t\t\t\t\t<h3>Promotion leadership jeunes<\/h3>\n\t\t\t\t\t\t\t<p><\/p>\n\t\t\t\t\t\t\t<a href=\"#\">Read More<\/a>\n\t\t\t\t\t\t<\/div>\n\t\t\t\t\t<\/div>\n\t\t\t\t<\/div>\n\t\t\t\t\t\t\t<div class=\"col-lg-4 col-sm-6\">\n\t\t\t\t\t<div class=\"single-service-home\">\n\t\t\t\t\t\t<div class=\"icon-box\">\n\t\t\t\t\t\t\t<div class=\"inner-box\">\n                            \t<i class=\" flaticon-harvest\"><\/i>\n\t\t\t\t\t\t\t<\/div>\n\t\t\t\t\t\t<\/div>\n\t\t\t\t\t\t<div class=\"content\">\n\t\t\t\t\t\t\t<h3>Pr\u00e9vention comportements d\u00e9viants<\/h3>\n\t\t\t\t\t\t\t<p><\/p>\n\t\t\t\t\t\t\t<a href=\"#\">Read More<\/a>\n\t\t\t\t\t\t<\/div>\n\t\t\t\t\t<\/div>\n\t\t\t\t<\/div>\n\t\t\t\t\t\t\t<div class=\"col-lg-4 col-sm-6\">\n\t\t\t\t\t<div class=\"single-service-home\">\n\t\t\t\t\t\t<div class=\"icon-box\">\n\t\t\t\t\t\t\t<div class=\"inner-box\">\n                            \t<i class=\" flaticon-heart-4\"><\/i>\n\t\t\t\t\t\t\t<\/div>\n\t\t\t\t\t\t<\/div>\n\t\t\t\t\t\t<div class=\"content\">\n\t\t\t\t\t\t\t<h3>Promotion de l\u2019entreprenariat jeunesse<\/h3>\n\t\t\t\t\t\t\t<p><\/p>\n\t\t\t\t\t\t\t<a href=\"#\">Read More<\/a>\n\t\t\t\t\t\t<\/div>\n\t\t\t\t\t<\/div>\n\t\t\t\t<\/div>\n\t\t\t \t\n\t\t\t<\/div>\n\t\t<\/div>\n\t<\/section>\n\t\n\t\t\t<\/div>\n\t\t\t\t<\/div>\n\t\t\t\t\t<\/div>\n\t\t<\/div>\n\t\t\t\t\t\t\t<\/div>\n\t\t<\/section>\n\t\t\t\t<section class=\"elementor-section elementor-top-section elementor-element elementor-element-48a1666 elementor-section-boxed elementor-section-height-default elementor-section-height-default\" data-id=\"48a1666\" data-element_type=\"section\">\n\t\t\t\t\t\t<div class=\"elementor-container elementor-column-gap-default\">\n\t\t\t\t\t<div class=\"elementor-column elementor-col-100 elementor-top-column elementor-element elementor-element-90e2ed8\" data-id=\"90e2ed8\" data-element_type=\"column\">\n\t\t\t<div class=\"elementor-widget-wrap\">\n\t\t\t\t\t\t\t\t\t<\/div>\n\t\t<\/div>\n\t\t\t\t\t\t\t<\/div>\n\t\t<\/section>\n\t\t\t\t\t\t\t<\/div>\n\t\t","protected":false},"excerpt":{"rendered":"<p>En savoir plus sur nous Nous fournissons des services de soutien au d\u00e9veloppement des jeunes de Montr\u00e9al VISION : Alter-Action Jeunesse s\u2019engage \u00e0 promouvoir la r\u00e9duction de la fracture sociale [&hellip;]<\/p>\n","protected":false},"author":1,"featured_media":0,"parent":0,"menu_order":0,"comment_status":"closed","ping_status":"closed","template":"tpl-default-elementor.php","meta":{"footnotes":""},"class_list":["post-16","page","type-page","status-publish","hentry"],"_links":{"self":[{"href":"https:\/\/dev.aajeu.com\/index.php\/wp-json\/wp\/v2\/pages\/16","targetHints":{"allow":["GET"]}}],"collection":[{"href":"https:\/\/dev.aajeu.com\/index.php\/wp-json\/wp\/v2\/pages"}],"about":[{"href":"https:\/\/dev.aajeu.com\/index.php\/wp-json\/wp\/v2\/types\/page"}],"author":[{"embeddable":true,"href":"https:\/\/dev.aajeu.com\/index.php\/wp-json\/wp\/v2\/users\/1"}],"replies":[{"embeddable":true,"href":"https:\/\/dev.aajeu.com\/index.php\/wp-json\/wp\/v2\/comments?post=16"}],"version-history":[{"count":101,"href":"https:\/\/dev.aajeu.com\/index.php\/wp-json\/wp\/v2\/pages\/16\/revisions"}],"predecessor-version":[{"id":1815,"href":"https:\/\/dev.aajeu.com\/index.php\/wp-json\/wp\/v2\/pages\/16\/revisions\/1815"}],"wp:attachment":[{"href":"https:\/\/dev.aajeu.com\/index.php\/wp-json\/wp\/v2\/media?parent=16"}],"curies":[{"name":"wp","href":"https:\/\/api.w.org\/{rel}","templated":true}]}}