{"id":51,"date":"2021-12-09T11:36:27","date_gmt":"2021-12-09T11:36:27","guid":{"rendered":"http:\/\/fastwpdemo.com\/demo\/charityhome\/?page_id=51"},"modified":"2022-04-27T20:37:11","modified_gmt":"2022-04-28T00:37:11","slug":"contact","status":"publish","type":"page","link":"https:\/\/dev.aajeu.com\/index.php\/contact\/","title":{"rendered":"Contact"},"content":{"rendered":"\t\t<div data-elementor-type=\"wp-page\" data-elementor-id=\"51\" class=\"elementor elementor-51\">\n\t\t\t\t\t\t\t\t\t<section class=\"elementor-section elementor-top-section elementor-element elementor-element-3a5f364 elementor-section-full_width elementor-section-height-default elementor-section-height-default\" data-id=\"3a5f364\" data-element_type=\"section\">\n\t\t\t\t\t\t<div class=\"elementor-container elementor-column-gap-default\">\n\t\t\t\t\t<div class=\"elementor-column elementor-col-100 elementor-top-column elementor-element elementor-element-6a5bdad\" data-id=\"6a5bdad\" data-element_type=\"column\">\n\t\t\t<div class=\"elementor-widget-wrap elementor-element-populated\">\n\t\t\t\t\t\t\t\t<div class=\"elementor-element elementor-element-de0c07e elementor-widget elementor-widget-charityhome_contact_us_v2\" data-id=\"de0c07e\" data-element_type=\"widget\" data-widget_type=\"charityhome_contact_us_v2.default\">\n\t\t\t\t<div class=\"elementor-widget-container\">\n\t\t\t    \n    <section class=\"contact-content sec-padding\">\n\t\t<div class=\"container\">\n\t\t\t\t\t\t<div class=\"sec-title text-center\">\n\t\t\t\t<p>Pour nous contacter !<\/p>\n\t\t\t<\/div>\n        \t            \t\t\t<div class=\"google-map\" id=\"contact-page-google-map\">\n            \t<iframe src=\"https:\/\/www.google.com\/maps\/embed?pb=!1m18!1m12!1m3!1d2793.233976682623!2d-73.5793781843247!3d45.56573323468355!2m3!1f0!2f0!3f0!3m2!1i1024!2i768!4f13.1!3m3!1m2!1s0x4cc91ea58ce32f17%3A0x3d33149c6bb65d85!2s4411%20Rue%20Beaubien%20E%2C%20Montr%C3%A9al%2C%20QC%20H1T%201T2!5e0!3m2!1sen!2sca!4v1649892103863!5m2!1sen!2sca\" width=\"600\" height=\"450\" style=\"border:0;\" allowfullscreen=\"\" loading=\"lazy\" referrerpolicy=\"no-referrer-when-downgrade\"><\/iframe>            <\/div>\n            \t\t\t<div class=\"row\">\n\t\t\t\t                <div class=\"col-lg-8 col-md-12\">\n\t\t\t\t\t                    <h2>Formulaire de contact<\/h2>\n\t\t\t\t\t                \t\n\t\t\t\t\t\t\t\t\t\t<div class=\"contact-form\" id=\"contact-page-contact-form\">\n\t\t\t\t\t\t<div role=\"form\" class=\"wpcf7\" id=\"wpcf7-f702-o1\" lang=\"en-US\" dir=\"ltr\">\n<div class=\"screen-reader-response\"><p role=\"status\" aria-live=\"polite\" aria-atomic=\"true\"><\/p> <ul><\/ul><\/div>\n<form action=\"\/index.php\/wp-json\/wp\/v2\/pages\/51#wpcf7-f702-o1\" method=\"post\" class=\"wpcf7-form init\" novalidate=\"novalidate\" data-status=\"init\">\n<div style=\"display: none;\">\n<input type=\"hidden\" name=\"_wpcf7\" value=\"702\" \/>\n<input type=\"hidden\" name=\"_wpcf7_version\" value=\"5.5.6\" \/>\n<input type=\"hidden\" name=\"_wpcf7_locale\" value=\"en_US\" \/>\n<input type=\"hidden\" name=\"_wpcf7_unit_tag\" value=\"wpcf7-f702-o1\" \/>\n<input type=\"hidden\" name=\"_wpcf7_container_post\" value=\"0\" \/>\n<input type=\"hidden\" name=\"_wpcf7_posted_data_hash\" value=\"\" \/>\n<\/div>\n<div class=\"row clearfix\">\n<div class=\"col-md-6 col-sm-12\">\n<span class=\"wpcf7-form-control-wrap text-517\"><input type=\"text\" name=\"text-517\" value=\"\" size=\"40\" class=\"wpcf7-form-control wpcf7-text wpcf7-validates-as-required\" aria-required=\"true\" aria-invalid=\"false\" placeholder=\"Nom\" \/><\/span><br \/>\n<span class=\"wpcf7-form-control-wrap email-205\"><input type=\"email\" name=\"email-205\" value=\"\" size=\"40\" class=\"wpcf7-form-control wpcf7-text wpcf7-email wpcf7-validates-as-required wpcf7-validates-as-email\" aria-required=\"true\" aria-invalid=\"false\" placeholder=\"Courriel\" \/><\/span><br \/>\n<span class=\"wpcf7-form-control-wrap text-518\"><input type=\"text\" name=\"text-518\" value=\"\" size=\"40\" class=\"wpcf7-form-control wpcf7-text\" aria-invalid=\"false\" placeholder=\"T\u00e9l\u00e9phone\" \/><\/span>\n<\/div>\n<div class=\"col-md-6 col-sm-12\">\n<span class=\"wpcf7-form-control-wrap textarea-156\"><textarea name=\"textarea-156\" cols=\"40\" rows=\"10\" class=\"wpcf7-form-control wpcf7-textarea\" aria-invalid=\"false\" placeholder=\"Message\"><\/textarea><\/span>\n<\/div>\n<div class=\"col-md-12\"><button class=\"thm-btn\" type=\"submit\">Envoyer<\/button><\/div>\n<\/div>\n<div class=\"wpcf7-response-output\" aria-hidden=\"true\"><\/div><\/form><\/div>\t\t\t\t\t<\/div>\n                    \t\t\t\t<\/div>\n                                \n\t\t\t\t<div class=\"col-lg-4 col-md-4\">\n\t\t\t\t\t<h2>Adresse<\/h2>\t\t\t\t\t<ul class=\"contact-info\">\n\t\t\t\t\t\t                        <li>\n\t\t\t\t\t\t\t<div class=\"icon-box\">\n\t\t\t\t\t\t\t\t<div class=\"inner\">\n\t\t\t\t\t\t\t\t\t<i class=\"fa fa fa-map-marker\"><\/i>\n\t\t\t\t\t\t\t\t<\/div>\n\t\t\t\t\t\t\t<\/div>\n\t\t\t\t\t\t\t<div class=\"content-box\">\n\t\t\t\t\t\t\t\t<h4>Adresse<\/h4>\n\t\t\t\t\t\t\t\t<p>4411, Beaubien Est, H1T 1T2, \n<br>Montr\u00e9al, Qc.\n<\/p>\n\t\t\t\t\t\t\t<\/div>\n\t\t\t\t\t\t<\/li>\n\t\t\t\t\t\t                        <li>\n\t\t\t\t\t\t\t<div class=\"icon-box\">\n\t\t\t\t\t\t\t\t<div class=\"inner\">\n\t\t\t\t\t\t\t\t\t<i class=\"fa fa fa-phone\"><\/i>\n\t\t\t\t\t\t\t\t<\/div>\n\t\t\t\t\t\t\t<\/div>\n\t\t\t\t\t\t\t<div class=\"content-box\">\n\t\t\t\t\t\t\t\t<h4>T\u00e9l\u00e9phone<\/h4>\n\t\t\t\t\t\t\t\t<p>438-829-7399 \/ 514-838-0380 \/ 438-884-5545\n<\/p>\n\t\t\t\t\t\t\t<\/div>\n\t\t\t\t\t\t<\/li>\n\t\t\t\t\t\t                        <li>\n\t\t\t\t\t\t\t<div class=\"icon-box\">\n\t\t\t\t\t\t\t\t<div class=\"inner\">\n\t\t\t\t\t\t\t\t\t<i class=\"fa fa fa-envelope-o\"><\/i>\n\t\t\t\t\t\t\t\t<\/div>\n\t\t\t\t\t\t\t<\/div>\n\t\t\t\t\t\t\t<div class=\"content-box\">\n\t\t\t\t\t\t\t\t<h4>Courriel<\/h4>\n\t\t\t\t\t\t\t\t<p>direction@dev.aajeu.com<\/p>\n\t\t\t\t\t\t\t<\/div>\n\t\t\t\t\t\t<\/li>\n\t\t\t\t\t\t\t\t\t\t\t<\/ul>\n\t\t\t\t<\/div>\n\t\t\t<\/div>\n\t\t<\/div>\n\t<\/section>\n        \n     \t\t<\/div>\n\t\t\t\t<\/div>\n\t\t\t\t\t<\/div>\n\t\t<\/div>\n\t\t\t\t\t\t\t<\/div>\n\t\t<\/section>\n\t\t\t\t<section class=\"elementor-section elementor-top-section elementor-element elementor-element-78ac469 elementor-section-full_width elementor-section-height-default elementor-section-height-default\" data-id=\"78ac469\" data-element_type=\"section\">\n\t\t\t\t\t\t<div class=\"elementor-container elementor-column-gap-default\">\n\t\t\t\t\t<div class=\"elementor-column elementor-col-100 elementor-top-column elementor-element elementor-element-5304c77\" data-id=\"5304c77\" data-element_type=\"column\">\n\t\t\t<div class=\"elementor-widget-wrap elementor-element-populated\">\n\t\t\t\t\t\t\t\t<div class=\"elementor-element elementor-element-41ce8fa elementor-widget elementor-widget-charityhome_partners_v1\" data-id=\"41ce8fa\" data-element_type=\"widget\" data-widget_type=\"charityhome_partners_v1.default\">\n\t\t\t\t<div class=\"elementor-widget-container\">\n\t\t\t\t\n\t<section class=\"bg-color-eee p_40\">\n\t\t<div class=\"container\">\n\t\t\t<div class=\"row\">\n\t\t\t\t<div class=\"col-lg-12\">\n\t\t\t\t\t<div class=\"clients-carousel owl-carousel owl-theme\">\n\t\t\t\t\t\t\t\t\t\t\t<div class=\"item\">\n\t\t\t\t\t\t\t<div class=\"img-box\">\n\t\t\t\t\t\t\t\t<img decoding=\"async\" src=\"https:\/\/dev.aajeu.com\/wp-content\/uploads\/2021\/12\/logo-6.png\" alt=\"Awesome Image\">\n\t\t\t\t\t\t\t<\/div>\n\t\t\t\t\t\t<\/div>\n\t\t\t\t\t\t\n\t\t\t\t\t<\/div>\n\t\t\t\t<\/div>\n\t\t\t<\/div>\n\t\t<\/div>\n\t<\/section>\n\t\n    \t\t<\/div>\n\t\t\t\t<\/div>\n\t\t\t\t\t<\/div>\n\t\t<\/div>\n\t\t\t\t\t\t\t<\/div>\n\t\t<\/section>\n\t\t\t\t\t\t\t<\/div>\n\t\t","protected":false},"excerpt":{"rendered":"<p>Pour nous contacter ! Formulaire de contact Envoyer Adresse Adresse 4411, Beaubien Est, H1T 1T2, Montr\u00e9al, Qc. T\u00e9l\u00e9phone 438-829-7399 \/ 514-838-0380 \/ 438-884-5545 Courriel direction@dev.aajeu.com<\/p>\n","protected":false},"author":1,"featured_media":0,"parent":0,"menu_order":0,"comment_status":"closed","ping_status":"closed","template":"tpl-default-elementor.php","meta":{"footnotes":""},"class_list":["post-51","page","type-page","status-publish","hentry"],"_links":{"self":[{"href":"https:\/\/dev.aajeu.com\/index.php\/wp-json\/wp\/v2\/pages\/51","targetHints":{"allow":["GET"]}}],"collection":[{"href":"https:\/\/dev.aajeu.com\/index.php\/wp-json\/wp\/v2\/pages"}],"about":[{"href":"https:\/\/dev.aajeu.com\/index.php\/wp-json\/wp\/v2\/types\/page"}],"author":[{"embeddable":true,"href":"https:\/\/dev.aajeu.com\/index.php\/wp-json\/wp\/v2\/users\/1"}],"replies":[{"embeddable":true,"href":"https:\/\/dev.aajeu.com\/index.php\/wp-json\/wp\/v2\/comments?post=51"}],"version-history":[{"count":34,"href":"https:\/\/dev.aajeu.com\/index.php\/wp-json\/wp\/v2\/pages\/51\/revisions"}],"predecessor-version":[{"id":1653,"href":"https:\/\/dev.aajeu.com\/index.php\/wp-json\/wp\/v2\/pages\/51\/revisions\/1653"}],"wp:attachment":[{"href":"https:\/\/dev.aajeu.com\/index.php\/wp-json\/wp\/v2\/media?parent=51"}],"curies":[{"name":"wp","href":"https:\/\/api.w.org\/{rel}","templated":true}]}}